{"id":91,"date":"2025-11-10T20:17:00","date_gmt":"2025-11-10T19:17:00","guid":{"rendered":"https:\/\/lothariiregnum.fr\/?page_id=91"},"modified":"2026-02-12T00:23:05","modified_gmt":"2026-02-11T23:23:05","slug":"notre-activite","status":"publish","type":"page","link":"https:\/\/lothariiregnum.fr\/?page_id=91","title":{"rendered":""},"content":{"rendered":"\n<div class=\"wp-block-cover alignfull is-light\"><img loading=\"lazy\" decoding=\"async\" width=\"1024\" height=\"445\" class=\"wp-block-cover__image-background wp-image-387 size-large\" alt=\"\" src=\"https:\/\/lothariiregnum.fr\/wp-content\/uploads\/2026\/02\/PXL_20250920_152151896.PORTRAIT1-1024x445.jpg\" data-object-fit=\"cover\" srcset=\"https:\/\/lothariiregnum.fr\/wp-content\/uploads\/2026\/02\/PXL_20250920_152151896.PORTRAIT1-1024x445.jpg 1024w, https:\/\/lothariiregnum.fr\/wp-content\/uploads\/2026\/02\/PXL_20250920_152151896.PORTRAIT1-300x130.jpg 300w, https:\/\/lothariiregnum.fr\/wp-content\/uploads\/2026\/02\/PXL_20250920_152151896.PORTRAIT1-2000x869.jpg 2000w\" sizes=\"auto, (max-width: 1024px) 100vw, 1024px\" \/><span aria-hidden=\"true\" class=\"wp-block-cover__background has-background-dim\" style=\"background-color:#a7a8ac\"><\/span><div class=\"wp-block-cover__inner-container has-global-padding is-layout-constrained wp-block-cover-is-layout-constrained\">\n<h2 class=\"wp-block-heading has-text-align-center has-large-font-size\"><mark style=\"background-color:rgba(0, 0, 0, 0)\" class=\"has-inline-color has-white-color\">Nos activit\u00e9s<\/mark><\/h2>\n<\/div><\/div>\n\n\n\n<div class=\"wp-block-media-text has-media-on-the-right is-stacked-on-mobile\" style=\"grid-template-columns:auto 38%\"><div class=\"wp-block-media-text__content\">\n<h2 class=\"wp-block-heading\">Entrainement en armure<\/h2>\n\n\n\n<div class=\"wp-block-group has-global-padding is-layout-constrained wp-block-group-is-layout-constrained\">\n<p>Nos entra\u00eenements ont lieu chaque <strong>samedi apr\u00e8s-midi de 14h \u00e0 18h<\/strong>, dans une salle de crossfit. Pendant la p\u00e9riode estivale, nous disposons \u00e9galement d\u2019un <strong>espace ext\u00e9rieur<\/strong> \u00e9quip\u00e9 d\u2019une lice compl\u00e8te, id\u00e9ale pour recr\u00e9er au mieux les conditions r\u00e9elles des tournois.<\/p>\n\n\n\n<p>Chaque combattant est libre de venir en fonction de ses disponibilit\u00e9s, m\u00eame si une certaine <strong>assiduit\u00e9<\/strong> est attendue afin de pr\u00e9server l\u2019efficacit\u00e9 du collectif.<br>Les s\u00e9ances se d\u00e9roulent dans une ambiance <strong>conviviale et motivante<\/strong>, avec un \u00e9chauffement, un travail musculaire et technique, puis la mise en armure pour les exercices sp\u00e9cifiques et les phases de combat.<br>La journ\u00e9e se cl\u00f4t parfois par un moment de coh\u00e9sion.<\/p>\n<\/div>\n<\/div><figure class=\"wp-block-media-text__media\"><img loading=\"lazy\" decoding=\"async\" width=\"1024\" height=\"768\" src=\"https:\/\/lothariiregnum.fr\/wp-content\/uploads\/2025\/11\/Sans-titre-352-1024x768.jpg\" alt=\"\" class=\"wp-image-323 size-full\" srcset=\"https:\/\/lothariiregnum.fr\/wp-content\/uploads\/2025\/11\/Sans-titre-352-1024x768.jpg 1024w, https:\/\/lothariiregnum.fr\/wp-content\/uploads\/2025\/11\/Sans-titre-352-300x225.jpg 300w, https:\/\/lothariiregnum.fr\/wp-content\/uploads\/2025\/11\/Sans-titre-352-2000x1500.jpg 2000w\" sizes=\"auto, (max-width: 1024px) 100vw, 1024px\" \/><\/figure><\/div>\n\n\n\n<div style=\"height:27px\" aria-hidden=\"true\" class=\"wp-block-spacer\"><\/div>\n\n\n\n<div class=\"wp-block-media-text has-media-on-the-right is-stacked-on-mobile is-vertically-aligned-center\" style=\"grid-template-columns:auto 38%\"><div class=\"wp-block-media-text__content\">\n<h2 class=\"wp-block-heading\">Les tournois et interclubs<\/h2>\n\n\n\n<p>Chaque saison, les Lotharii Regnum participent \u00e0 <strong>4 \u00e0 6 tournois en France<\/strong>, dont la prestigieuse <strong>Coupe de France<\/strong>. Cette ann\u00e9e 2025, l\u2019\u00e9quipe a d\u00e9j\u00e0 d\u00e9croch\u00e9 <strong>une m\u00e9daille d\u2019or<\/strong> et <strong>une m\u00e9daille de bronze<\/strong>.<br>En parall\u00e8le, nous repr\u00e9sentons le club au-del\u00e0 des fronti\u00e8res avec <strong>2 \u00e0 4 tournois internationaux<\/strong> par an, affrontant des \u00e9quipes venues de toute l\u2019Europe. Ces rendez-vous sportifs nous permettent de progresser, de consolider notre coh\u00e9sion et de porter haut les couleurs des Lotharii Regnum sur la sc\u00e8ne nationale comme internationale.<\/p>\n<\/div><figure class=\"wp-block-media-text__media\"><img loading=\"lazy\" decoding=\"async\" width=\"1024\" height=\"768\" src=\"https:\/\/lothariiregnum.fr\/wp-content\/uploads\/2025\/11\/tournoi-20-1024x768.jpg\" alt=\"\" class=\"wp-image-322 size-full\" srcset=\"https:\/\/lothariiregnum.fr\/wp-content\/uploads\/2025\/11\/tournoi-20-1024x768.jpg 1024w, https:\/\/lothariiregnum.fr\/wp-content\/uploads\/2025\/11\/tournoi-20-300x225.jpg 300w, https:\/\/lothariiregnum.fr\/wp-content\/uploads\/2025\/11\/tournoi-20-2000x1500.jpg 2000w\" sizes=\"auto, (max-width: 1024px) 100vw, 1024px\" \/><\/figure><\/div>\n\n\n\n<div style=\"height:27px\" aria-hidden=\"true\" class=\"wp-block-spacer\"><\/div>\n\n\n\n<div class=\"wp-block-media-text has-media-on-the-right is-stacked-on-mobile is-vertically-aligned-center\" style=\"grid-template-columns:auto 38%\"><div class=\"wp-block-media-text__content\">\n<h2 class=\"wp-block-heading\">Entrainement en soft<\/h2>\n\n\n\n<p>Les entra\u00eenements de <strong>soft b\u00e9hourd<\/strong> ont lieu en m\u00eame temps que les s\u00e9ances en armure. Ces sessions sont id\u00e9ales pour les d\u00e9butants, qui peuvent <strong>d\u00e9couvrir les bases<\/strong> du combat m\u00e9di\u00e9val en toute s\u00e9curit\u00e9, mais elles profitent \u00e9galement aux combattants aguerris, qui y trouvent l\u2019occasion<strong> d\u2019affiner leurs techniques<\/strong>, de travailler leur pr\u00e9cision et de <strong>transmettre leur exp\u00e9rience<\/strong> aux nouveaux membres.<\/p>\n\n\n\n<p>Le soft permet d\u2019apprendre les d\u00e9placements, les strat\u00e9gies d\u2019\u00e9quipe, <strong>les gestes fondamentaux<\/strong> et les encha\u00eenements, tout en favorisant l\u2019\u00e9change et la progression de chacun. Ce sont des moments dynamiques, p\u00e9dagogiques et accessibles \u00e0 tous, qui <strong>renforcent la coh\u00e9sion<\/strong> du groupe et<strong> pr\u00e9parent <\/strong>efficacement aux entra\u00eenements en armure.<\/p>\n<\/div><figure class=\"wp-block-media-text__media\"><img loading=\"lazy\" decoding=\"async\" width=\"1024\" height=\"820\" src=\"https:\/\/lothariiregnum.fr\/wp-content\/uploads\/2025\/11\/Sans-titre-339-1024x820.jpg\" alt=\"\" class=\"wp-image-330 size-full\" srcset=\"https:\/\/lothariiregnum.fr\/wp-content\/uploads\/2025\/11\/Sans-titre-339-1024x820.jpg 1024w, https:\/\/lothariiregnum.fr\/wp-content\/uploads\/2025\/11\/Sans-titre-339-300x240.jpg 300w, https:\/\/lothariiregnum.fr\/wp-content\/uploads\/2025\/11\/Sans-titre-339-2000x1601.jpg 2000w\" sizes=\"auto, (max-width: 1024px) 100vw, 1024px\" \/><\/figure><\/div>\n\n\n\n<div class=\"wp-block-media-text has-media-on-the-right is-stacked-on-mobile is-vertically-aligned-center\" style=\"grid-template-columns:auto 38%\"><div class=\"wp-block-media-text__content\">\n<h2 class=\"wp-block-heading\">Les f\u00eates m\u00e9di\u00e9vales<\/h2>\n\n\n\n<p>Les Lotharii Regnum participent r\u00e9guli\u00e8rement \u00e0 des <strong>f\u00eates m\u00e9di\u00e9vales<\/strong>, sur invitation de ch\u00e2teaux, d\u2019associations culturelles ou d\u2019organisateurs d\u2019\u00e9v\u00e9nements historiques. <\/p>\n\n\n\n<p>Nous installons une <strong>grande tente m\u00e9di\u00e9vale<\/strong> ainsi qu\u2019un <strong>stand complet<\/strong>, offrant un v\u00e9ritable espace de d\u00e9couverte autour du b\u00e9hourd.<br>Lors de ces journ\u00e9es, nous proposons des <strong>d\u00e9monstrations de combat en armure<\/strong>, des initiations en <strong>soft b\u00e9hourd<\/strong>, des <strong>ateliers ludiques pour les enfants<\/strong>, ainsi que des <strong>d\u00e9ambulations en armure<\/strong> au c\u0153ur de l\u2019\u00e9v\u00e9nement.<br>Ces prestations sont l\u2019occasion pour le public d\u2019approcher de pr\u00e8s la discipline, d\u2019\u00e9changer avec les combattants et de plonger dans l\u2019univers fascinant du combat m\u00e9di\u00e9val.<\/p>\n<\/div><figure class=\"wp-block-media-text__media\"><img loading=\"lazy\" decoding=\"async\" width=\"1024\" height=\"683\" src=\"https:\/\/lothariiregnum.fr\/wp-content\/uploads\/2025\/11\/20250518-FeteMedievaleduChateaudeJaulny-240-1024x683.jpg\" alt=\"\" class=\"wp-image-341 size-full\" srcset=\"https:\/\/lothariiregnum.fr\/wp-content\/uploads\/2025\/11\/20250518-FeteMedievaleduChateaudeJaulny-240-1024x683.jpg 1024w, https:\/\/lothariiregnum.fr\/wp-content\/uploads\/2025\/11\/20250518-FeteMedievaleduChateaudeJaulny-240-300x200.jpg 300w, https:\/\/lothariiregnum.fr\/wp-content\/uploads\/2025\/11\/20250518-FeteMedievaleduChateaudeJaulny-240-2000x1333.jpg 2000w\" sizes=\"auto, (max-width: 1024px) 100vw, 1024px\" \/><\/figure><\/div>\n\n\n\n<div class=\"wp-block-media-text has-media-on-the-right is-stacked-on-mobile is-vertically-aligned-center\" style=\"grid-template-columns:auto 38%\"><div class=\"wp-block-media-text__content\">\n<h2 class=\"wp-block-heading\">Autres prestations<\/h2>\n\n\n\n<p>En compl\u00e9ment des f\u00eates m\u00e9di\u00e9vales, les Lotharii Regnum proposent \u00e9galement diverses <strong>animations sur mesure<\/strong> pour r\u00e9pondre aux besoins d\u2019organisateurs et de particuliers. <\/p>\n\n\n\n<p>Nous intervenons lors d\u2019<strong>enterrements de vie de gar\u00e7on<\/strong>, de <strong>journ\u00e9es du patrimoine<\/strong>, ou encore dans le cadre de <strong>banquets et repas th\u00e9matis\u00e9s<\/strong> en collaboration avec des restaurateurs.<br>Selon l\u2019\u00e9v\u00e9nement, nous pouvons proposer des <strong>d\u00e9monstrations<\/strong>, des <strong>initiations au soft b\u00e9hourd<\/strong>, des <strong>pr\u00e9sentations d\u2019armures<\/strong>, ou simplement une <strong>pr\u00e9sence immersive en armure<\/strong> pour renforcer l\u2019atmosph\u00e8re m\u00e9di\u00e9vale. Ces prestations offrent une exp\u00e9rience originale et dynamique, permettant au public de d\u00e9couvrir le b\u00e9hourd dans un cadre diff\u00e9rent et convivial.<\/p>\n<\/div><figure class=\"wp-block-media-text__media\"><img loading=\"lazy\" decoding=\"async\" width=\"1024\" height=\"701\" src=\"https:\/\/lothariiregnum.fr\/wp-content\/uploads\/2025\/11\/PXL_20250920_132636847.PORTRAIT.ORIGINAL-scaled-e1762794666478-1024x701.jpg\" alt=\"\" class=\"wp-image-76 size-full\" srcset=\"https:\/\/lothariiregnum.fr\/wp-content\/uploads\/2025\/11\/PXL_20250920_132636847.PORTRAIT.ORIGINAL-scaled-e1762794666478-1024x701.jpg 1024w, https:\/\/lothariiregnum.fr\/wp-content\/uploads\/2025\/11\/PXL_20250920_132636847.PORTRAIT.ORIGINAL-scaled-e1762794666478-300x205.jpg 300w, https:\/\/lothariiregnum.fr\/wp-content\/uploads\/2025\/11\/PXL_20250920_132636847.PORTRAIT.ORIGINAL-scaled-e1762794666478-2000x1370.jpg 2000w, https:\/\/lothariiregnum.fr\/wp-content\/uploads\/2025\/11\/PXL_20250920_132636847.PORTRAIT.ORIGINAL-scaled-e1762794666478-768x526.jpg 768w, https:\/\/lothariiregnum.fr\/wp-content\/uploads\/2025\/11\/PXL_20250920_132636847.PORTRAIT.ORIGINAL-scaled-e1762794666478-1536x1052.jpg 1536w, https:\/\/lothariiregnum.fr\/wp-content\/uploads\/2025\/11\/PXL_20250920_132636847.PORTRAIT.ORIGINAL-scaled-e1762794666478-2048x1402.jpg 2048w\" sizes=\"auto, (max-width: 1024px) 100vw, 1024px\" \/><\/figure><\/div>\n\n\n\n<p><\/p>\n","protected":false},"excerpt":{"rendered":"<p>Les tournois et interclubs Chaque saison, les Lotharii Regnum participent \u00e0 4 \u00e0 6 tournois en France, dont la prestigieuse Coupe de France. Cette ann\u00e9e 2025, l\u2019\u00e9quipe a d\u00e9j\u00e0 d\u00e9croch\u00e9 une m\u00e9daille d\u2019or et une m\u00e9daille de bronze.En parall\u00e8le, nous repr\u00e9sentons le club au-del\u00e0 des fronti\u00e8res avec 2 \u00e0 4 tournois internationaux par an, affrontant &hellip; <\/p>\n<p class=\"link-more\"><a href=\"https:\/\/lothariiregnum.fr\/?page_id=91\" class=\"more-link\">Lire la suite de<span class=\"screen-reader-text\">\u00ab\u00a0\u00a0\u00bb<\/span><\/a><\/p>\n","protected":false},"author":1,"featured_media":0,"parent":0,"menu_order":0,"comment_status":"closed","ping_status":"closed","template":"","meta":{"footnotes":""},"class_list":["post-91","page","type-page","status-publish","hentry"],"_links":{"self":[{"href":"https:\/\/lothariiregnum.fr\/index.php?rest_route=\/wp\/v2\/pages\/91","targetHints":{"allow":["GET"]}}],"collection":[{"href":"https:\/\/lothariiregnum.fr\/index.php?rest_route=\/wp\/v2\/pages"}],"about":[{"href":"https:\/\/lothariiregnum.fr\/index.php?rest_route=\/wp\/v2\/types\/page"}],"author":[{"embeddable":true,"href":"https:\/\/lothariiregnum.fr\/index.php?rest_route=\/wp\/v2\/users\/1"}],"replies":[{"embeddable":true,"href":"https:\/\/lothariiregnum.fr\/index.php?rest_route=%2Fwp%2Fv2%2Fcomments&post=91"}],"version-history":[{"count":23,"href":"https:\/\/lothariiregnum.fr\/index.php?rest_route=\/wp\/v2\/pages\/91\/revisions"}],"predecessor-version":[{"id":388,"href":"https:\/\/lothariiregnum.fr\/index.php?rest_route=\/wp\/v2\/pages\/91\/revisions\/388"}],"wp:attachment":[{"href":"https:\/\/lothariiregnum.fr\/index.php?rest_route=%2Fwp%2Fv2%2Fmedia&parent=91"}],"curies":[{"name":"wp","href":"https:\/\/api.w.org\/{rel}","templated":true}]}}