{"id":22,"date":"2025-11-10T14:39:03","date_gmt":"2025-11-10T13:39:03","guid":{"rendered":"https:\/\/lothariiregnum.fr\/?page_id=22"},"modified":"2026-02-12T00:02:54","modified_gmt":"2026-02-11T23:02:54","slug":"about","status":"publish","type":"page","link":"https:\/\/lothariiregnum.fr\/?page_id=22","title":{"rendered":""},"content":{"rendered":"\n<div class=\"wp-block-cover alignfull\" style=\"min-height:427px;aspect-ratio:unset;\"><img loading=\"lazy\" decoding=\"async\" width=\"1080\" height=\"810\" class=\"wp-block-cover__image-background wp-image-145 size-full\" alt=\"\" src=\"https:\/\/lothariiregnum.fr\/wp-content\/uploads\/2025\/11\/489927605_1135733758599234_3428848480717165728_n-edited.jpg\" style=\"object-position:54% 15%\" data-object-fit=\"cover\" data-object-position=\"54% 15%\" srcset=\"https:\/\/lothariiregnum.fr\/wp-content\/uploads\/2025\/11\/489927605_1135733758599234_3428848480717165728_n-edited.jpg 1080w, https:\/\/lothariiregnum.fr\/wp-content\/uploads\/2025\/11\/489927605_1135733758599234_3428848480717165728_n-edited-300x225.jpg 300w, https:\/\/lothariiregnum.fr\/wp-content\/uploads\/2025\/11\/489927605_1135733758599234_3428848480717165728_n-edited-1024x768.jpg 1024w\" sizes=\"auto, (max-width: 1080px) 100vw, 1080px\" \/><span aria-hidden=\"true\" class=\"wp-block-cover__background has-background-dim\"><\/span><div class=\"wp-block-cover__inner-container is-layout-flow wp-block-cover-is-layout-flow\">\n<h2 class=\"wp-block-heading has-text-align-center has-large-font-size\">L&rsquo;\u00e9quipe<\/h2>\n<\/div><\/div>\n\n\n\n<h2 class=\"wp-block-heading\">L&rsquo;association sportive<\/h2>\n\n\n\n<p>L&rsquo;association sportive regroupe une trentaine d&rsquo;adh\u00e9rents dont la moiti\u00e9 poss\u00e8de sa propre armure compl\u00e8te. Depuis 2018, le club ne cesse de monter en puissance ainsi que d&rsquo;\u00e9largir son rayonnement sur le territoire lorrain.<\/p>\n\n\n\n<div style=\"height:0px\" aria-hidden=\"true\" class=\"wp-block-spacer\"><\/div>\n\n\n\n<h2 class=\"wp-block-heading\">Le bureau de l&rsquo;association<\/h2>\n\n\n\n<div class=\"wp-block-group has-global-padding is-layout-constrained wp-block-group-is-layout-constrained\">\n<div class=\"wp-block-columns is-layout-flex wp-container-core-columns-is-layout-28f84493 wp-block-columns-is-layout-flex\">\n<div class=\"wp-block-column is-style-default is-layout-flow wp-block-column-is-layout-flow\" style=\"border-style:none;border-width:0px;padding-top:0;padding-right:0;padding-bottom:0;padding-left:0\">\n<figure class=\"wp-block-image size-full is-style-default\"><img loading=\"lazy\" decoding=\"async\" width=\"1152\" height=\"2048\" src=\"https:\/\/lothariiregnum.fr\/wp-content\/uploads\/2025\/11\/received_655562370543998-edited.jpeg\" alt=\"\" class=\"wp-image-219\" srcset=\"https:\/\/lothariiregnum.fr\/wp-content\/uploads\/2025\/11\/received_655562370543998-edited.jpeg 1152w, https:\/\/lothariiregnum.fr\/wp-content\/uploads\/2025\/11\/received_655562370543998-edited-169x300.jpeg 169w, https:\/\/lothariiregnum.fr\/wp-content\/uploads\/2025\/11\/received_655562370543998-edited-576x1024.jpeg 576w\" sizes=\"auto, (max-width: 1152px) 100vw, 1152px\" \/><\/figure>\n\n\n\n<h3 class=\"wp-block-heading\">Benjamin (Ben)<\/h3>\n\n\n\n<p class=\"has-tertiary-color has-text-color has-link-color wp-elements-cc7aadf9fb2109777e8513538520e397\">Pr\u00e9sident<\/p>\n\n\n\n<p>Chevalier de Jaulny, il a la lourde responsabilit\u00e9 de diriger l&rsquo;\u00e9quipe. Son sang-froid et sa gentillesse, en font un v\u00e9ritable pilier du club.<\/p>\n<\/div>\n\n\n\n<div class=\"wp-block-column is-style-default is-layout-flow wp-block-column-is-layout-flow\" style=\"border-style:none;border-width:0px;padding-top:0;padding-right:0;padding-bottom:0;padding-left:0\">\n<figure class=\"wp-block-image size-full is-resized\"><img loading=\"lazy\" decoding=\"async\" width=\"1440\" height=\"2560\" src=\"https:\/\/lothariiregnum.fr\/wp-content\/uploads\/2025\/11\/PXL_20250920_152019682.PORTRAIT-scaled.jpg\" alt=\"\" class=\"wp-image-179\" style=\"width:283px;height:auto\" srcset=\"https:\/\/lothariiregnum.fr\/wp-content\/uploads\/2025\/11\/PXL_20250920_152019682.PORTRAIT-scaled.jpg 1440w, https:\/\/lothariiregnum.fr\/wp-content\/uploads\/2025\/11\/PXL_20250920_152019682.PORTRAIT-169x300.jpg 169w, https:\/\/lothariiregnum.fr\/wp-content\/uploads\/2025\/11\/PXL_20250920_152019682.PORTRAIT-576x1024.jpg 576w, https:\/\/lothariiregnum.fr\/wp-content\/uploads\/2025\/11\/PXL_20250920_152019682.PORTRAIT-2000x3556.jpg 2000w\" sizes=\"auto, (max-width: 1440px) 100vw, 1440px\" \/><\/figure>\n\n\n\n<h3 class=\"wp-block-heading\">Florian (Flo)<\/h3>\n\n\n\n<p class=\"has-tertiary-color has-text-color has-link-color wp-elements-5c1f8f3b515c12e1732581e196d090a9\">Vice-pr\u00e9sident<\/p>\n\n\n\n<p>Deuxi\u00e8me facette de cette pi\u00e8ce \u00ab\u00a0Pr\u00e9sident\u00a0\u00bb, il est toujours partant pour combattre et pousse les combattants \u00e0 donner le meilleur d&rsquo;eux.<\/p>\n<\/div>\n\n\n\n<div class=\"wp-block-column is-style-default is-layout-flow wp-block-column-is-layout-flow\" style=\"border-style:none;border-width:0px;padding-top:0;padding-right:0;padding-bottom:0;padding-left:0\">\n<figure class=\"wp-block-image size-full\"><img loading=\"lazy\" decoding=\"async\" width=\"1440\" height=\"2560\" src=\"https:\/\/lothariiregnum.fr\/wp-content\/uploads\/2025\/11\/PXL_20250920_132208259.PORTRAIT-scaled.jpg\" alt=\"\" class=\"wp-image-184\" srcset=\"https:\/\/lothariiregnum.fr\/wp-content\/uploads\/2025\/11\/PXL_20250920_132208259.PORTRAIT-scaled.jpg 1440w, https:\/\/lothariiregnum.fr\/wp-content\/uploads\/2025\/11\/PXL_20250920_132208259.PORTRAIT-169x300.jpg 169w, https:\/\/lothariiregnum.fr\/wp-content\/uploads\/2025\/11\/PXL_20250920_132208259.PORTRAIT-576x1024.jpg 576w, https:\/\/lothariiregnum.fr\/wp-content\/uploads\/2025\/11\/PXL_20250920_132208259.PORTRAIT-2000x3556.jpg 2000w\" sizes=\"auto, (max-width: 1440px) 100vw, 1440px\" \/><\/figure>\n\n\n\n<h3 class=\"wp-block-heading\">Mathieu (Mat&rsquo;)<\/h3>\n\n\n\n<p class=\"has-tertiary-color has-text-color has-link-color wp-elements-b8819f74ea73d9dc1e726905ec5f5e74\">Secr\u00e9taire g\u00e9n\u00e9ral<\/p>\n\n\n\n<p>Interface entre le club et la soci\u00e9t\u00e9, notre duelliste est \u00e0 la fois dot\u00e9 de comp\u00e9tences \u00e0 l&rsquo;\u00e9p\u00e9e, de gestion, mais est \u00e9galement un tr\u00e8s bon communicant.<\/p>\n<\/div>\n\n\n\n<div class=\"wp-block-column is-style-default is-layout-flow wp-block-column-is-layout-flow\" style=\"border-style:none;border-width:0px;padding-top:0;padding-right:0;padding-bottom:0;padding-left:0\">\n<figure class=\"wp-block-image size-full\"><img loading=\"lazy\" decoding=\"async\" width=\"398\" height=\"708\" src=\"https:\/\/lothariiregnum.fr\/wp-content\/uploads\/2025\/11\/Capture-decran-2025-11-12-233535-edited.jpg\" alt=\"\" class=\"wp-image-190\" srcset=\"https:\/\/lothariiregnum.fr\/wp-content\/uploads\/2025\/11\/Capture-decran-2025-11-12-233535-edited.jpg 398w, https:\/\/lothariiregnum.fr\/wp-content\/uploads\/2025\/11\/Capture-decran-2025-11-12-233535-edited-169x300.jpg 169w\" sizes=\"auto, (max-width: 398px) 100vw, 398px\" \/><\/figure>\n\n\n\n<h3 class=\"wp-block-heading\">R\u00e9mi<\/h3>\n\n\n\n<p class=\"has-tertiary-color has-text-color has-link-color wp-elements-1283982b432f0adb7fc6f78ecd78f296\">Tr\u00e9sorier<\/p>\n\n\n\n<p>Homme de raison et de strat\u00e9gie, il permet au club de prosp\u00e9rer en veillant au grain. <\/p>\n<\/div>\n\n\n\n<div class=\"wp-block-column is-style-default is-layout-flow wp-block-column-is-layout-flow\" style=\"border-style:none;border-width:0px;padding-top:0;padding-right:0;padding-bottom:0;padding-left:0\">\n<figure class=\"wp-block-image size-full\"><img loading=\"lazy\" decoding=\"async\" width=\"524\" height=\"931\" src=\"https:\/\/lothariiregnum.fr\/wp-content\/uploads\/2025\/11\/received_13025030012552122-edited.jpeg\" alt=\"\" class=\"wp-image-191\" srcset=\"https:\/\/lothariiregnum.fr\/wp-content\/uploads\/2025\/11\/received_13025030012552122-edited.jpeg 524w, https:\/\/lothariiregnum.fr\/wp-content\/uploads\/2025\/11\/received_13025030012552122-edited-169x300.jpeg 169w\" sizes=\"auto, (max-width: 524px) 100vw, 524px\" \/><\/figure>\n\n\n\n<h3 class=\"wp-block-heading has-text-align-left\">Olivia<\/h3>\n\n\n\n<p class=\"has-tertiary-color has-text-color has-link-color wp-elements-7f971301fa5ed90129ea2cae7a67d139\">Charg\u00e9e de communication<\/p>\n\n\n\n<p>Attentive et tenace, elle participe au rayonnement du club, mais \u00e9galement du b\u00e9hourd et casse le clich\u00e9 d&rsquo;un univers uniquement masculin.<\/p>\n<\/div>\n<\/div>\n<\/div>\n\n\n\n<h2 class=\"wp-block-heading\">Les membres du club<\/h2>\n\n\n\n<p>Comment se compose le club des Lotharii Regnum ?<\/p>\n\n\n\n<div class=\"wp-block-columns is-layout-flex wp-container-core-columns-is-layout-28f84493 wp-block-columns-is-layout-flex\">\n<div class=\"wp-block-column is-style-default is-layout-flow wp-block-column-is-layout-flow\" style=\"border-style:none;border-width:0px;padding-top:0;padding-right:0;padding-bottom:0;padding-left:0\">\n<figure class=\"wp-block-image size-full is-resized is-style-default\"><img loading=\"lazy\" decoding=\"async\" width=\"1365\" height=\"2048\" src=\"https:\/\/lothariiregnum.fr\/wp-content\/uploads\/2025\/11\/received_1189416266359605-1.jpeg\" alt=\"\" class=\"wp-image-202\" style=\"width:255px;height:auto\" srcset=\"https:\/\/lothariiregnum.fr\/wp-content\/uploads\/2025\/11\/received_1189416266359605-1.jpeg 1365w, https:\/\/lothariiregnum.fr\/wp-content\/uploads\/2025\/11\/received_1189416266359605-1-200x300.jpeg 200w, https:\/\/lothariiregnum.fr\/wp-content\/uploads\/2025\/11\/received_1189416266359605-1-683x1024.jpeg 683w\" sizes=\"auto, (max-width: 1365px) 100vw, 1365px\" \/><\/figure>\n\n\n\n<h3 class=\"wp-block-heading\">Les combattants<\/h3>\n\n\n\n<p class=\"has-tertiary-color has-text-color has-link-color wp-elements-ae782490e2586edeaa43c65e46608738\">Le fer de lance<\/p>\n\n\n\n<p>Le club compte une quinzaine d&rsquo;armures ce qui nous permet de participer ais\u00e9ment aux tournois nationaux, internationaux ainsi qu&rsquo;aux prestations ext\u00e9rieures.<br><\/p>\n<\/div>\n\n\n\n<div class=\"wp-block-column is-style-default is-layout-flow wp-block-column-is-layout-flow\" style=\"border-style:none;border-width:0px;padding-top:0;padding-right:0;padding-bottom:0;padding-left:0\">\n<figure class=\"wp-block-image size-full is-resized\"><img loading=\"lazy\" decoding=\"async\" width=\"1706\" height=\"2560\" src=\"https:\/\/lothariiregnum.fr\/wp-content\/uploads\/2025\/11\/20250518-FeteMedievaleduChateaudeJaulny-216-edited-1-scaled.jpg\" alt=\"\" class=\"wp-image-206\" style=\"width:256px;height:auto\" srcset=\"https:\/\/lothariiregnum.fr\/wp-content\/uploads\/2025\/11\/20250518-FeteMedievaleduChateaudeJaulny-216-edited-1-scaled.jpg 1706w, https:\/\/lothariiregnum.fr\/wp-content\/uploads\/2025\/11\/20250518-FeteMedievaleduChateaudeJaulny-216-edited-1-200x300.jpg 200w, https:\/\/lothariiregnum.fr\/wp-content\/uploads\/2025\/11\/20250518-FeteMedievaleduChateaudeJaulny-216-edited-1-683x1024.jpg 683w, https:\/\/lothariiregnum.fr\/wp-content\/uploads\/2025\/11\/20250518-FeteMedievaleduChateaudeJaulny-216-edited-1-2000x3001.jpg 2000w\" sizes=\"auto, (max-width: 1706px) 100vw, 1706px\" \/><\/figure>\n\n\n\n<h3 class=\"wp-block-heading\">Les \u00e9cuyers<\/h3>\n\n\n\n<p class=\"has-tertiary-color has-text-color has-link-color wp-elements-9e29df3206210f4a45cbde72d3384edd\">La clef de vo\u00fbte<\/p>\n\n\n\n<p>Soutien logistique, technique, parfois \u00e9motionnel et m\u00eame infirmier, les \u00e9cuyers sont des membres indispensables d&rsquo;une \u00e9quipe de b\u00e9hourd pour le bon d\u00e9roulement des interventions de l&rsquo;\u00e9quipe.<\/p>\n<\/div>\n\n\n\n<div class=\"wp-block-column is-style-default is-layout-flow wp-block-column-is-layout-flow\" style=\"border-style:none;border-width:0px;padding-top:0;padding-right:0;padding-bottom:0;padding-left:0\">\n<figure class=\"wp-block-image size-full is-resized\"><img loading=\"lazy\" decoding=\"async\" width=\"1706\" height=\"2560\" src=\"https:\/\/lothariiregnum.fr\/wp-content\/uploads\/2025\/11\/MG_78471-scaled.jpg\" alt=\"\" class=\"wp-image-212\" style=\"width:257px;height:auto\" srcset=\"https:\/\/lothariiregnum.fr\/wp-content\/uploads\/2025\/11\/MG_78471-scaled.jpg 1706w, https:\/\/lothariiregnum.fr\/wp-content\/uploads\/2025\/11\/MG_78471-200x300.jpg 200w, https:\/\/lothariiregnum.fr\/wp-content\/uploads\/2025\/11\/MG_78471-682x1024.jpg 682w, https:\/\/lothariiregnum.fr\/wp-content\/uploads\/2025\/11\/MG_78471-2000x3001.jpg 2000w\" sizes=\"auto, (max-width: 1706px) 100vw, 1706px\" \/><\/figure>\n\n\n\n<h3 class=\"wp-block-heading\">Les softeux<\/h3>\n\n\n\n<p class=\"has-tertiary-color has-text-color has-link-color wp-elements-8e6d86fb8fc6fffa2669ee1d94545522\">Des combattants en devenir<\/p>\n\n\n\n<p>Ces membres \u00e0 part enti\u00e8re du club s&rsquo;entrainent principalement en soft avec des protections en mousse. <br>Il peut s&rsquo;agir de d\u00e9butants ou de combattants en attente de leur armure. C&rsquo;est un passage obligatoire pour tout combattant.<\/p>\n<\/div>\n\n\n\n<div class=\"wp-block-column is-style-default is-layout-flow wp-block-column-is-layout-flow\" style=\"border-style:none;border-width:0px;padding-top:0;padding-right:0;padding-bottom:0;padding-left:0\">\n<figure class=\"wp-block-image size-full is-resized\"><img loading=\"lazy\" decoding=\"async\" width=\"1707\" height=\"2560\" src=\"https:\/\/lothariiregnum.fr\/wp-content\/uploads\/2025\/11\/MG_7766-scaled.jpg\" alt=\"\" class=\"wp-image-213\" style=\"width:257px;height:auto\" srcset=\"https:\/\/lothariiregnum.fr\/wp-content\/uploads\/2025\/11\/MG_7766-scaled.jpg 1707w, https:\/\/lothariiregnum.fr\/wp-content\/uploads\/2025\/11\/MG_7766-200x300.jpg 200w, https:\/\/lothariiregnum.fr\/wp-content\/uploads\/2025\/11\/MG_7766-683x1024.jpg 683w, https:\/\/lothariiregnum.fr\/wp-content\/uploads\/2025\/11\/MG_7766-2000x3000.jpg 2000w\" sizes=\"auto, (max-width: 1707px) 100vw, 1707px\" \/><\/figure>\n\n\n\n<h3 class=\"wp-block-heading\">Nos photographes<\/h3>\n\n\n\n<p class=\"has-tertiary-color has-text-color has-link-color wp-elements-389f090b0ed6c7df909828c0cd843ec2\">L&rsquo;oeil du b\u00e9hourd<\/p>\n\n\n\n<p>V\u00e9ritables photographes sportifs, ils nous permettent de cr\u00e9er du contenu et de participer au rayonnement de la discipline. <\/p>\n\n\n\n<p>L&rsquo;effet \u00ab\u00a0Wouah !\u00a0\u00bb, c&rsquo;est eux.<\/p>\n<\/div>\n<\/div>\n\n\n\n<p><\/p>\n","protected":false},"excerpt":{"rendered":"<p>L&rsquo;association sportive L&rsquo;association sportive regroupe une trentaine d&rsquo;adh\u00e9rents dont la moiti\u00e9 poss\u00e8de sa propre armure compl\u00e8te. Depuis 2018, le club ne cesse de monter en puissance ainsi que d&rsquo;\u00e9largir son rayonnement sur le territoire lorrain. Le bureau de l&rsquo;association Benjamin (Ben) Pr\u00e9sident Chevalier de Jaulny, il a la lourde responsabilit\u00e9 de diriger l&rsquo;\u00e9quipe. Son sang-froid &hellip; <\/p>\n<p class=\"link-more\"><a href=\"https:\/\/lothariiregnum.fr\/?page_id=22\" class=\"more-link\">Lire la suite de<span class=\"screen-reader-text\">\u00ab\u00a0\u00a0\u00bb<\/span><\/a><\/p>\n","protected":false},"author":1,"featured_media":0,"parent":0,"menu_order":0,"comment_status":"closed","ping_status":"closed","template":"","meta":{"footnotes":""},"class_list":["post-22","page","type-page","status-publish","hentry"],"_links":{"self":[{"href":"https:\/\/lothariiregnum.fr\/index.php?rest_route=\/wp\/v2\/pages\/22","targetHints":{"allow":["GET"]}}],"collection":[{"href":"https:\/\/lothariiregnum.fr\/index.php?rest_route=\/wp\/v2\/pages"}],"about":[{"href":"https:\/\/lothariiregnum.fr\/index.php?rest_route=\/wp\/v2\/types\/page"}],"author":[{"embeddable":true,"href":"https:\/\/lothariiregnum.fr\/index.php?rest_route=\/wp\/v2\/users\/1"}],"replies":[{"embeddable":true,"href":"https:\/\/lothariiregnum.fr\/index.php?rest_route=%2Fwp%2Fv2%2Fcomments&post=22"}],"version-history":[{"count":46,"href":"https:\/\/lothariiregnum.fr\/index.php?rest_route=\/wp\/v2\/pages\/22\/revisions"}],"predecessor-version":[{"id":377,"href":"https:\/\/lothariiregnum.fr\/index.php?rest_route=\/wp\/v2\/pages\/22\/revisions\/377"}],"wp:attachment":[{"href":"https:\/\/lothariiregnum.fr\/index.php?rest_route=%2Fwp%2Fv2%2Fmedia&parent=22"}],"curies":[{"name":"wp","href":"https:\/\/api.w.org\/{rel}","templated":true}]}}