{"id":21,"date":"2025-11-10T14:39:03","date_gmt":"2025-11-10T13:39:03","guid":{"rendered":"https:\/\/lothariiregnum.fr\/?page_id=21"},"modified":"2026-02-11T22:43:25","modified_gmt":"2026-02-11T21:43:25","slug":"homepage","status":"publish","type":"page","link":"https:\/\/lothariiregnum.fr\/","title":{"rendered":"Accueil"},"content":{"rendered":"\n<div class=\"wp-block-group has-global-padding is-layout-constrained wp-block-group-is-layout-constrained\">\n<div style=\"height:15px\" aria-hidden=\"true\" class=\"wp-block-spacer\"><\/div>\n\n\n\n<h2 class=\"wp-block-heading has-text-align-center has-medium-font-size\" style=\"letter-spacing:1px\">Equipe de b\u00e9hourd situ\u00e9e en Lorraine<\/h2>\n\n\n\n<p class=\"has-text-align-center\">Fracas des \u00e9p\u00e9es, \u00e9chos des armures et souffle de l\u2019histoire : bienvenue chez <strong>Lotharii Regnum<\/strong>, le club o\u00f9 la passion du combat m\u00e9di\u00e9val prend vie.<br>Que vous soyez chevalier en devenir, passionn\u00e9 d\u2019histoire ou simple curieux, rejoignez nos combattants et partagez l\u2019esprit de camaraderie, de discipline et d\u2019honneur qui anime chacun de nos tournois et entra\u00eenements.<br>Pr\u00e9parez-vous \u00e0 enfiler l\u2019armure, \u00e0 brandir votre arme et \u00e0 entrer en lice \u2014 l\u2019aventure commence ici.<\/p>\n<\/div>\n\n\n\n<div class=\"wp-block-buttons is-content-justification-center is-layout-flex wp-container-core-buttons-is-layout-a89b3969 wp-block-buttons-is-layout-flex\">\n<div class=\"wp-block-button\"><a class=\"wp-block-button__link wp-element-button\" href=\"https:\/\/lothariiregnum.fr\/?page_id=107\" target=\"_blank\" rel=\"noreferrer noopener\">\u2694\ufe0f Qu&rsquo;est ce que le b\u00e9hourd ? \u2694\ufe0f<\/a><\/div>\n<\/div>\n\n\n\n<div style=\"height:38px\" aria-hidden=\"true\" class=\"wp-block-spacer\"><\/div>\n\n\n\n<hr class=\"wp-block-separator has-alpha-channel-opacity is-style-default\" style=\"margin-top:var(--wp--preset--spacing--x-small);margin-bottom:var(--wp--preset--spacing--x-small)\"\/>\n\n\n\n<div class=\"wp-block-group has-global-padding is-layout-constrained wp-block-group-is-layout-constrained\">\n<div class=\"wp-block-group alignwide has-global-padding is-layout-constrained wp-block-group-is-layout-constrained\">\n<h2 class=\"wp-block-heading has-text-align-left\">Nos activit\u00e9s<\/h2>\n\n\n\n<div class=\"wp-block-group alignwide is-content-justification-center is-nowrap is-layout-flex wp-container-core-group-is-layout-23441af8 wp-block-group-is-layout-flex\">\n<div class=\"wp-block-group has-global-padding is-layout-constrained wp-block-group-is-layout-constrained\">\n<div class=\"wp-block-columns alignwide are-vertically-aligned-center has-white-color has-text-color has-link-color wp-elements-facc575e9c6314cf6c49b925781b50f1 is-layout-flex wp-container-core-columns-is-layout-4b84a608 wp-block-columns-is-layout-flex\">\n<div class=\"wp-block-column is-vertically-aligned-center is-layout-flow wp-block-column-is-layout-flow\" style=\"padding-top:0;padding-right:0;padding-bottom:0;padding-left:0\">\n<div class=\"wp-block-cover has-custom-content-position is-position-bottom-left\" style=\"padding-top:var(--wp--preset--spacing--small);padding-right:var(--wp--preset--spacing--x-small);padding-bottom:var(--wp--preset--spacing--small);padding-left:var(--wp--preset--spacing--x-small)\"><img loading=\"lazy\" decoding=\"async\" width=\"2000\" height=\"1499\" class=\"wp-block-cover__image-background wp-image-48 size-full\" alt=\"\" src=\"https:\/\/lothariiregnum.fr\/wp-content\/uploads\/2025\/11\/cropped-Sans-titre-377-scaled-1.jpg\" style=\"object-position:34% 44%\" data-object-fit=\"cover\" data-object-position=\"34% 44%\" srcset=\"https:\/\/lothariiregnum.fr\/wp-content\/uploads\/2025\/11\/cropped-Sans-titre-377-scaled-1.jpg 2000w, https:\/\/lothariiregnum.fr\/wp-content\/uploads\/2025\/11\/cropped-Sans-titre-377-scaled-1-300x225.jpg 300w, https:\/\/lothariiregnum.fr\/wp-content\/uploads\/2025\/11\/cropped-Sans-titre-377-scaled-1-1024x767.jpg 1024w\" sizes=\"auto, (max-width: 2000px) 100vw, 2000px\" \/><span aria-hidden=\"true\" class=\"wp-block-cover__background has-primary-background-color has-background-dim\"><\/span><div class=\"wp-block-cover__inner-container is-layout-flow wp-block-cover-is-layout-flow\">\n<div class=\"wp-block-group has-global-padding is-content-justification-left is-layout-constrained wp-container-core-group-is-layout-12dd3699 wp-block-group-is-layout-constrained\">\n<h3 class=\"wp-block-heading has-text-align-left has-white-color has-text-color has-medium-font-size\" style=\"margin-top:0;margin-right:0;margin-bottom:0;margin-left:0\">Entrainement en armure<\/h3>\n<\/div>\n<\/div><\/div>\n<\/div>\n\n\n\n<div class=\"wp-block-column is-vertically-aligned-center is-layout-flow wp-block-column-is-layout-flow\" style=\"padding-top:0;padding-right:0;padding-bottom:0;padding-left:0\">\n<div class=\"wp-block-cover has-custom-content-position is-position-bottom-left\" style=\"padding-top:var(--wp--preset--spacing--small);padding-right:var(--wp--preset--spacing--x-small);padding-bottom:var(--wp--preset--spacing--small);padding-left:var(--wp--preset--spacing--x-small);min-height:430px;aspect-ratio:unset;\"><img loading=\"lazy\" decoding=\"async\" width=\"1024\" height=\"680\" class=\"wp-block-cover__image-background wp-image-74 size-large\" alt=\"\" src=\"https:\/\/lothariiregnum.fr\/wp-content\/uploads\/2025\/11\/484811891_1099404595324475_2463778391820443649_n-1-1024x680.jpg\" style=\"object-position:45% 58%\" data-object-fit=\"cover\" data-object-position=\"45% 58%\" srcset=\"https:\/\/lothariiregnum.fr\/wp-content\/uploads\/2025\/11\/484811891_1099404595324475_2463778391820443649_n-1-1024x680.jpg 1024w, https:\/\/lothariiregnum.fr\/wp-content\/uploads\/2025\/11\/484811891_1099404595324475_2463778391820443649_n-1-300x199.jpg 300w, https:\/\/lothariiregnum.fr\/wp-content\/uploads\/2025\/11\/484811891_1099404595324475_2463778391820443649_n-1.jpg 1080w\" sizes=\"auto, (max-width: 1024px) 100vw, 1024px\" \/><span aria-hidden=\"true\" class=\"wp-block-cover__background has-primary-background-color has-background-dim\"><\/span><div class=\"wp-block-cover__inner-container is-layout-flow wp-block-cover-is-layout-flow\">\n<h3 class=\"wp-block-heading has-text-align-left has-white-color has-text-color has-medium-font-size\" style=\"margin-top:0;margin-right:0;margin-bottom:0;margin-left:0\">Tournois et interclubs<\/h3>\n<\/div><\/div>\n<\/div>\n\n\n\n<div class=\"wp-block-column is-vertically-aligned-center is-layout-flow wp-block-column-is-layout-flow\" style=\"padding-top:0;padding-right:0;padding-bottom:0;padding-left:0\">\n<div class=\"wp-block-cover has-custom-content-position is-position-bottom-left\" style=\"padding-top:var(--wp--preset--spacing--small);padding-right:var(--wp--preset--spacing--x-small);padding-bottom:var(--wp--preset--spacing--small);padding-left:var(--wp--preset--spacing--x-small)\"><img loading=\"lazy\" decoding=\"async\" width=\"740\" height=\"1024\" class=\"wp-block-cover__image-background wp-image-72 size-large\" alt=\"\" src=\"https:\/\/lothariiregnum.fr\/wp-content\/uploads\/2025\/11\/20250518-FeteMedievaleduChateaudeJaulny-100-scaled-e1762793185636-740x1024.jpg\" style=\"object-position:48% 49%\" data-object-fit=\"cover\" data-object-position=\"48% 49%\" srcset=\"https:\/\/lothariiregnum.fr\/wp-content\/uploads\/2025\/11\/20250518-FeteMedievaleduChateaudeJaulny-100-scaled-e1762793185636-740x1024.jpg 740w, https:\/\/lothariiregnum.fr\/wp-content\/uploads\/2025\/11\/20250518-FeteMedievaleduChateaudeJaulny-100-scaled-e1762793185636-217x300.jpg 217w, https:\/\/lothariiregnum.fr\/wp-content\/uploads\/2025\/11\/20250518-FeteMedievaleduChateaudeJaulny-100-scaled-e1762793185636-768x1063.jpg 768w, https:\/\/lothariiregnum.fr\/wp-content\/uploads\/2025\/11\/20250518-FeteMedievaleduChateaudeJaulny-100-scaled-e1762793185636-1109x1536.jpg 1109w, https:\/\/lothariiregnum.fr\/wp-content\/uploads\/2025\/11\/20250518-FeteMedievaleduChateaudeJaulny-100-scaled-e1762793185636.jpg 1233w\" sizes=\"auto, (max-width: 740px) 100vw, 740px\" \/><span aria-hidden=\"true\" class=\"wp-block-cover__background has-primary-background-color has-background-dim\"><\/span><div class=\"wp-block-cover__inner-container is-layout-flow wp-block-cover-is-layout-flow\">\n<h3 class=\"wp-block-heading has-white-color has-text-color has-medium-font-size\" style=\"margin-top:0;margin-right:0;margin-bottom:0;margin-left:0\"><br><\/h3>\n\n\n\n<h3 class=\"wp-block-heading has-text-align-center has-white-color has-text-color has-medium-font-size\" style=\"margin-top:0;margin-right:0;margin-bottom:0;margin-left:0\">Entrainement soft     <\/h3>\n<\/div><\/div>\n<\/div>\n\n\n\n<div class=\"wp-block-column is-vertically-aligned-center is-layout-flow wp-block-column-is-layout-flow\">\n<div class=\"wp-block-cover has-custom-content-position is-position-bottom-left\" style=\"padding-top:var(--wp--preset--spacing--small);padding-right:var(--wp--preset--spacing--x-small);padding-bottom:var(--wp--preset--spacing--small);padding-left:var(--wp--preset--spacing--x-small)\"><img loading=\"lazy\" decoding=\"async\" width=\"1024\" height=\"701\" class=\"wp-block-cover__image-background wp-image-76 size-large\" alt=\"\" src=\"https:\/\/lothariiregnum.fr\/wp-content\/uploads\/2025\/11\/PXL_20250920_132636847.PORTRAIT.ORIGINAL-scaled-e1762794666478-1024x701.jpg\" style=\"object-position:54% 58%\" data-object-fit=\"cover\" data-object-position=\"54% 58%\" srcset=\"https:\/\/lothariiregnum.fr\/wp-content\/uploads\/2025\/11\/PXL_20250920_132636847.PORTRAIT.ORIGINAL-scaled-e1762794666478-1024x701.jpg 1024w, https:\/\/lothariiregnum.fr\/wp-content\/uploads\/2025\/11\/PXL_20250920_132636847.PORTRAIT.ORIGINAL-scaled-e1762794666478-300x205.jpg 300w, https:\/\/lothariiregnum.fr\/wp-content\/uploads\/2025\/11\/PXL_20250920_132636847.PORTRAIT.ORIGINAL-scaled-e1762794666478-2000x1370.jpg 2000w, https:\/\/lothariiregnum.fr\/wp-content\/uploads\/2025\/11\/PXL_20250920_132636847.PORTRAIT.ORIGINAL-scaled-e1762794666478-768x526.jpg 768w, https:\/\/lothariiregnum.fr\/wp-content\/uploads\/2025\/11\/PXL_20250920_132636847.PORTRAIT.ORIGINAL-scaled-e1762794666478-1536x1052.jpg 1536w, https:\/\/lothariiregnum.fr\/wp-content\/uploads\/2025\/11\/PXL_20250920_132636847.PORTRAIT.ORIGINAL-scaled-e1762794666478-2048x1402.jpg 2048w\" sizes=\"auto, (max-width: 1024px) 100vw, 1024px\" \/><span aria-hidden=\"true\" class=\"wp-block-cover__background has-primary-background-color has-background-dim\"><\/span><div class=\"wp-block-cover__inner-container is-layout-flow wp-block-cover-is-layout-flow\">\n<h3 class=\"wp-block-heading has-text-align-center has-white-color has-text-color has-medium-font-size\" style=\"margin-top:0;margin-right:0;margin-bottom:0;margin-left:0\"> F\u00eates m\u00e9di\u00e9vales<\/h3>\n<\/div><\/div>\n<\/div>\n\n\n\n<div class=\"wp-block-column is-vertically-aligned-center is-layout-flow wp-block-column-is-layout-flow\">\n<div class=\"wp-block-cover has-custom-content-position is-position-bottom-left\" style=\"padding-top:var(--wp--preset--spacing--small);padding-right:var(--wp--preset--spacing--x-small);padding-bottom:var(--wp--preset--spacing--small);padding-left:var(--wp--preset--spacing--x-small)\"><img loading=\"lazy\" decoding=\"async\" width=\"1024\" height=\"576\" class=\"wp-block-cover__image-background wp-image-78 size-large\" alt=\"\" src=\"https:\/\/lothariiregnum.fr\/wp-content\/uploads\/2025\/11\/PXL_20250920_122842268.MP_-1024x576.jpg\" style=\"object-position:42% 56%\" data-object-fit=\"cover\" data-object-position=\"42% 56%\" srcset=\"https:\/\/lothariiregnum.fr\/wp-content\/uploads\/2025\/11\/PXL_20250920_122842268.MP_-1024x576.jpg 1024w, https:\/\/lothariiregnum.fr\/wp-content\/uploads\/2025\/11\/PXL_20250920_122842268.MP_-300x169.jpg 300w, https:\/\/lothariiregnum.fr\/wp-content\/uploads\/2025\/11\/PXL_20250920_122842268.MP_-2000x1125.jpg 2000w\" sizes=\"auto, (max-width: 1024px) 100vw, 1024px\" \/><span aria-hidden=\"true\" class=\"wp-block-cover__background has-primary-background-color has-background-dim\"><\/span><div class=\"wp-block-cover__inner-container is-layout-flow wp-block-cover-is-layout-flow\">\n<h3 class=\"wp-block-heading has-text-align-center has-white-color has-text-color has-medium-font-size\" style=\"margin-top:0;margin-right:0;margin-bottom:0;margin-left:0\">Autres prestations<\/h3>\n<\/div><\/div>\n<\/div>\n<\/div>\n<\/div>\n<\/div>\n<\/div>\n<\/div>\n\n\n\n<div class=\"wp-block-buttons is-content-justification-center is-layout-flex wp-container-core-buttons-is-layout-a89b3969 wp-block-buttons-is-layout-flex\">\n<div class=\"wp-block-button\"><a class=\"wp-block-button__link wp-element-button\" href=\"https:\/\/lothariiregnum.fr\/?page_id=91\" target=\"_blank\" rel=\"noreferrer noopener\">\u2694\ufe0f Retrouvez toutes nos activit\u00e9s ici \u2694\ufe0f<\/a><\/div>\n<\/div>\n\n\n\n<div style=\"height:38px\" aria-hidden=\"true\" class=\"wp-block-spacer\"><\/div>\n\n\n\n<hr class=\"wp-block-separator has-alpha-channel-opacity is-style-default\" style=\"margin-top:var(--wp--preset--spacing--x-small);margin-bottom:var(--wp--preset--spacing--x-small)\"\/>\n\n\n\n<div class=\"wp-block-group has-global-padding is-layout-constrained wp-block-group-is-layout-constrained\">\n<h2 class=\"wp-block-heading\">Nous rejoindre<\/h2>\n\n\n\n<p>Envie de d\u00e9couvrir le combat m\u00e9di\u00e9val et de rejoindre une \u00e9quipe soud\u00e9e ?<br>Les <strong>Lotharii Regnum<\/strong> accueillent <strong>hommes et femmes d\u00e8s 18 ans<\/strong>, <strong>tout au long de l\u2019ann\u00e9e<\/strong>, que vous soyez sportif confirm\u00e9, passionn\u00e9 d\u2019histoire ou simple curieux.<br>Nos entra\u00eenements sont ouverts \u00e0 tous les niveaux : nous formons nos membres \u00e0 la pratique du b\u00e9hourd, de la technique d\u2019armes jusqu\u2019au combat en armure.<br>Rejoindre les Lotharii Regnum, c\u2019est partager des valeurs de <strong>camaraderie, de d\u00e9passement et de respect<\/strong>, dans une ambiance conviviale et engag\u00e9e.<br>Alors n&rsquo;h\u00e9site pas \u00e0 nous contacter !<\/p>\n\n\n\n<div class=\"wp-block-buttons is-content-justification-center is-layout-flex wp-container-core-buttons-is-layout-a89b3969 wp-block-buttons-is-layout-flex\">\n<div class=\"wp-block-button is-style-fill\"><a class=\"wp-block-button__link wp-element-button\" href=\"https:\/\/lothariiregnum.fr\/?page_id=23\" target=\"_blank\" rel=\"noreferrer noopener\">\u2694\ufe0f <strong>L&rsquo;aventure commence ici<\/strong> ! \u2694\ufe0f<\/a><\/div>\n<\/div>\n<\/div>\n\n\n\n<div style=\"height:var(--wp--preset--spacing--small)\" aria-hidden=\"true\" class=\"wp-block-spacer\"><\/div>\n\n\n\n<hr class=\"wp-block-separator has-alpha-channel-opacity\"\/>\n\n\n\n<div class=\"wp-block-group has-global-padding is-layout-constrained wp-block-group-is-layout-constrained\">\n<h2 class=\"wp-block-heading\">Envie de porter nos couleurs ?<\/h2>\n\n\n\n<p>Entrez dans la boutique du club et arborez fi\u00e8rement nos couleurs. V\u00eatements et goodies ont \u00e9t\u00e9 con\u00e7us pour les combattants comme pour les fid\u00e8les soutiens, afin que chacun puisse porter l\u2019esprit du b\u00e9hourd au quotidien. T-shirts, sweats et accessoires sont accessibles \u00e0 tous, pour afficher votre appartenance, sur le champ de bataille comme en dehors.<\/p>\n\n\n\n<div class=\"wp-block-buttons is-content-justification-center is-layout-flex wp-container-core-buttons-is-layout-a89b3969 wp-block-buttons-is-layout-flex\">\n<div class=\"wp-block-button is-style-fill\"><a class=\"wp-block-button__link wp-element-button\" href=\"https:\/\/l.facebook.com\/l.php?u=https%3A%2F%2Flotharii-regnum57.myspreadshop.fr%2F%3Ffbclid%3DIwZXh0bgNhZW0CMTAAc3J0YwZhcHBfaWQQMjIyMDM5MTc4ODIwMDg5MgABHr0KKDAOxV5bc3wF_siAJkoYVtwtK8Ake9FCI5GWth8LyQu0FA5v_9092xNU_aem_QDmgeGiH2NtQ5X8CD-II3g&amp;h=AT37EcGuxZPeS8TfPUwWYNOPjftlMg_A-dELlQsyesXqNDERUmdJS6OiHy9jZjvgSiZBQrJnWAeJpCupL1vB7CJqizIL6hiO36CAvjmJU99aTb3PQWvU6k6qRd1Q8bqhNtv9\" target=\"_blank\" rel=\"noreferrer noopener\">\u2694\ufe0f Notre \u00e9choppe n&rsquo;attend que toi ! \u2694\ufe0f<\/a><\/div>\n<\/div>\n<\/div>\n\n\n\n<div style=\"height:38px\" aria-hidden=\"true\" class=\"wp-block-spacer\"><\/div>\n\n\n\n<hr class=\"wp-block-separator has-alpha-channel-opacity is-style-default\" style=\"margin-top:var(--wp--preset--spacing--x-small);margin-bottom:var(--wp--preset--spacing--x-small)\"\/>\n\n\n\n<div id=\"partners\" class=\"wp-block-group has-global-padding is-content-justification-center is-layout-constrained wp-container-core-group-is-layout-dc06fb1d wp-block-group-is-layout-constrained\">\n<div class=\"wp-block-columns is-layout-flex wp-container-core-columns-is-layout-28f84493 wp-block-columns-is-layout-flex\">\n<div class=\"wp-block-column is-layout-flow wp-block-column-is-layout-flow\" style=\"flex-basis:60%\">\n<h2 class=\"wp-block-heading has-text-align-left\">Ils nous soutiennent<\/h2>\n<\/div>\n\n\n\n<div class=\"wp-block-column is-layout-flow wp-block-column-is-layout-flow\" style=\"flex-basis:40%\"><\/div>\n<\/div>\n\n\n\n<div class=\"wp-block-group has-global-padding is-layout-constrained wp-block-group-is-layout-constrained\">\n<div class=\"wp-block-group has-global-padding is-layout-constrained wp-block-group-is-layout-constrained\">\n<p>Nous sommes fiers de compter parmi nos partenaires un \u00e9tablissement de restauration qui partage nos valeurs de convivialit\u00e9, de passion et d\u2019authenticit\u00e9. Lieu de rencontre et de bonne ch\u00e8re, il offre un cadre chaleureux que ce soit pour un moment entre amis, un repas en famille ou une soir\u00e9e festive, chacun y trouve sa place. <\/p>\n\n\n\n<p>Nous remercions chaleureusement toute l&rsquo;\u00e9quipe du Royaume des Paraiges pour leur soutien et leur confiance envers notre club.<\/p>\n\n\n\n<figure class=\"wp-block-image is-resized\"><a href=\"https:\/\/auxparaiges.fr\/\" target=\"_blank\" rel=\" noreferrer noopener\"><img loading=\"lazy\" decoding=\"async\" width=\"867\" height=\"856\" src=\"https:\/\/lothariiregnum.fr\/wp-content\/uploads\/2025\/11\/Capture-decran-2025-11-13-222641.jpg\" alt=\"\" class=\"wp-image-294\" style=\"width:119px;height:auto\" srcset=\"https:\/\/lothariiregnum.fr\/wp-content\/uploads\/2025\/11\/Capture-decran-2025-11-13-222641.jpg 867w, https:\/\/lothariiregnum.fr\/wp-content\/uploads\/2025\/11\/Capture-decran-2025-11-13-222641-300x296.jpg 300w\" sizes=\"auto, (max-width: 867px) 100vw, 867px\" \/><\/a><\/figure>\n<\/div>\n<\/div>\n<\/div>\n\n\n\n<div class=\"wp-block-cover alignfull has-parallax is-position-center-center\" style=\"border-radius:0px\"><div class=\"wp-block-cover__image-background wp-image-155 size-large has-parallax\" style=\"background-position:50% 50%;background-image:url(https:\/\/lothariiregnum.fr\/wp-content\/uploads\/2025\/11\/received_4079636818972252-1024x683.jpeg)\"><\/div><span aria-hidden=\"true\" class=\"wp-block-cover__background has-black-background-color has-background-dim-40 has-background-dim\"><\/span><div class=\"wp-block-cover__inner-container is-layout-flow wp-block-cover-is-layout-flow\">\n<div class=\"wp-block-group has-global-padding is-layout-constrained wp-block-group-is-layout-constrained\">\n<p class=\"has-text-align-center has-white-color has-text-color\"><em>Au sein de la lice, un cri r\u00e9sonne : \u201cPrenny ! Prenny ! Prenny !\u201d \u2014 l\u2019appel \u00e0 l\u2019unit\u00e9 et \u00e0 la combativit\u00e9 des Lotharii Regnum.<\/em><\/p>\n<\/div>\n<\/div><\/div>\n","protected":false},"excerpt":{"rendered":"<p>Equipe de b\u00e9hourd situ\u00e9e en Lorraine Fracas des \u00e9p\u00e9es, \u00e9chos des armures et souffle de l\u2019histoire : bienvenue chez Lotharii Regnum, le club o\u00f9 la passion du combat m\u00e9di\u00e9val prend vie.Que vous soyez chevalier en devenir, passionn\u00e9 d\u2019histoire ou simple curieux, rejoignez nos combattants et partagez l\u2019esprit de camaraderie, de discipline et d\u2019honneur qui anime &hellip; <\/p>\n<p class=\"link-more\"><a href=\"https:\/\/lothariiregnum.fr\/\" class=\"more-link\">Lire la suite de<span class=\"screen-reader-text\">\u00ab\u00a0Accueil\u00a0\u00bb<\/span><\/a><\/p>\n","protected":false},"author":4,"featured_media":0,"parent":0,"menu_order":0,"comment_status":"closed","ping_status":"closed","template":"page-templates\/homepage-builder-bb.php","meta":{"footnotes":""},"class_list":["post-21","page","type-page","status-publish","hentry"],"_links":{"self":[{"href":"https:\/\/lothariiregnum.fr\/index.php?rest_route=\/wp\/v2\/pages\/21","targetHints":{"allow":["GET"]}}],"collection":[{"href":"https:\/\/lothariiregnum.fr\/index.php?rest_route=\/wp\/v2\/pages"}],"about":[{"href":"https:\/\/lothariiregnum.fr\/index.php?rest_route=\/wp\/v2\/types\/page"}],"author":[{"embeddable":true,"href":"https:\/\/lothariiregnum.fr\/index.php?rest_route=\/wp\/v2\/users\/4"}],"replies":[{"embeddable":true,"href":"https:\/\/lothariiregnum.fr\/index.php?rest_route=%2Fwp%2Fv2%2Fcomments&post=21"}],"version-history":[{"count":104,"href":"https:\/\/lothariiregnum.fr\/index.php?rest_route=\/wp\/v2\/pages\/21\/revisions"}],"predecessor-version":[{"id":356,"href":"https:\/\/lothariiregnum.fr\/index.php?rest_route=\/wp\/v2\/pages\/21\/revisions\/356"}],"wp:attachment":[{"href":"https:\/\/lothariiregnum.fr\/index.php?rest_route=%2Fwp%2Fv2%2Fmedia&parent=21"}],"curies":[{"name":"wp","href":"https:\/\/api.w.org\/{rel}","templated":true}]}}