{"id":107,"date":"2025-11-10T20:56:59","date_gmt":"2025-11-10T19:56:59","guid":{"rendered":"https:\/\/lothariiregnum.fr\/?page_id=107"},"modified":"2026-02-15T22:16:50","modified_gmt":"2026-02-15T21:16:50","slug":"quest-ce-que-le-behourd","status":"publish","type":"page","link":"https:\/\/lothariiregnum.fr\/?page_id=107","title":{"rendered":""},"content":{"rendered":"\n<div class=\"wp-block-cover alignfull\"><img loading=\"lazy\" decoding=\"async\" width=\"2048\" height=\"1152\" class=\"wp-block-cover__image-background wp-image-104\" alt=\"\" src=\"https:\/\/lothariiregnum.fr\/wp-content\/uploads\/2025\/11\/received_1678141922875988.jpeg\" data-object-fit=\"cover\" srcset=\"https:\/\/lothariiregnum.fr\/wp-content\/uploads\/2025\/11\/received_1678141922875988.jpeg 2048w, https:\/\/lothariiregnum.fr\/wp-content\/uploads\/2025\/11\/received_1678141922875988-300x169.jpeg 300w, https:\/\/lothariiregnum.fr\/wp-content\/uploads\/2025\/11\/received_1678141922875988-1024x576.jpeg 1024w, https:\/\/lothariiregnum.fr\/wp-content\/uploads\/2025\/11\/received_1678141922875988-2000x1125.jpeg 2000w\" sizes=\"auto, (max-width: 2048px) 100vw, 2048px\" \/><span aria-hidden=\"true\" class=\"wp-block-cover__background has-background-dim\"><\/span><div class=\"wp-block-cover__inner-container is-layout-flow wp-block-cover-is-layout-flow\">\n<h2 class=\"wp-block-heading has-text-align-center has-large-font-size\">Qu&rsquo;est ce que le b\u00e9hourd ?<\/h2>\n<\/div><\/div>\n\n\n\n<div class=\"wp-block-group has-global-padding is-layout-constrained wp-block-group-is-layout-constrained\">\n<h2 class=\"wp-block-heading\">La discipline \u2694\ufe0f<\/h2>\n\n\n\n<div class=\"wp-block-group has-global-padding is-layout-constrained wp-block-group-is-layout-constrained\">\n<p><\/p>\n\n\n\n<div class=\"wp-block-media-text has-media-on-the-right is-stacked-on-mobile is-vertically-aligned-top\"><div class=\"wp-block-media-text__content\">\n<p>Le b\u00e9hourd, parfois appel\u00e9 combat m\u00e9di\u00e9val historique, est une <strong>discipline sportive et martiale<\/strong> inspir\u00e9e des tournois chevaleresques du Moyen \u00c2ge.<\/p>\n\n\n\n<p>Les combattants s\u2019affrontent en <strong>armure compl\u00e8te<\/strong>, selon des r\u00e8gles strictes de s\u00e9curit\u00e9 et de <em>fair-play<\/em>, m\u00ealant <strong>authenticit\u00e9 historique<\/strong> et <strong>exigence physique<\/strong>.<\/p>\n\n\n\n<p><strong>Equipe f\u00e9minine ou masculine<\/strong>, toutes respectent ce cadre fix\u00e9 par la F\u00e9d\u00e9ration France B\u00e9hourd.<\/p>\n\n\n\n<p>Un combattant de b\u00e9hourd porte une <strong>armure moderne compl\u00e8te historiquement correcte<\/strong>, g\u00e9n\u00e9ralement inspir\u00e9e de mod\u00e8les europ\u00e9ens dat\u00e9s entre le XIII\u1d49 et le XV\u1d49 si\u00e8cle.<br>Elle comprend :<\/p>\n\n\n\n<ul class=\"wp-block-list\">\n<li>un <strong>casque int\u00e9gral<\/strong>, muni d\u2019une visi\u00e8re pleine ou grillag\u00e9e pour la s\u00e9curit\u00e9 reli\u00e9 \u00e0 la protection du torse par un ange-gardien, une petite lani\u00e8re de cuir, permettant d&rsquo;\u00e9viter les arrachements du casque ;<\/li>\n\n\n\n<li>une <strong>protection du torse<\/strong> compos\u00e9e d\u2019un gambison matelass\u00e9 recouvert d\u2019une <strong>cuirasse ou d&rsquo;une brigandine<\/strong> compos\u00e9e de <strong>plates d\u2019acier<\/strong> ;<\/li>\n\n\n\n<li>des <strong>spali\u00e8res<\/strong> (\u00e9paules), <strong>canons<\/strong> (avant-bras), <strong>mitons<\/strong> (mains), <strong>une jupe d&rsquo;\u00e9cailles<\/strong> (bassin) <strong>cuissots<\/strong> (cuisses), <strong>gr\u00e8ves<\/strong> (tibias) et <strong>solerets<\/strong> (pieds) prot\u00e9geant les membres ;<\/li>\n\n\n\n<li>des <strong>armes et boucliers homologu\u00e9s<\/strong>, comme la hache, la masse, l\u2019\u00e9p\u00e9e \u00e0 une main ou le fauchon. Toutes les armes sont \u00e9mouss\u00e9es mais con\u00e7ues pour r\u00e9sister aux impacts r\u00e9els.<\/li>\n<\/ul>\n\n\n\n<p>L\u2019\u00e9quipement complet peut peser entre <strong>25 et 35 kg<\/strong>, ce qui demande un v\u00e9ritable travail de <strong>pr\u00e9paration physique et de technique de mouvement<\/strong>.<\/p>\n\n\n\n<p>Malgr\u00e9 le poids consid\u00e9rable des armures, elles s&rsquo;\u00e9quilibrent bien sur le corps et permettent une grande amplitude de mouvement.<\/p>\n<\/div><figure class=\"wp-block-media-text__media\"><img loading=\"lazy\" decoding=\"async\" width=\"576\" height=\"1024\" src=\"https:\/\/lothariiregnum.fr\/wp-content\/uploads\/2025\/11\/PXL_20250920_150732290.PORTRAIT-576x1024.jpg\" alt=\"\" class=\"wp-image-114 size-full\"\/><\/figure><\/div>\n<\/div>\n<\/div>\n\n\n\n<div style=\"height:29px\" aria-hidden=\"true\" class=\"wp-block-spacer\"><\/div>\n\n\n\n<hr class=\"wp-block-separator has-alpha-channel-opacity\"\/>\n\n\n\n<h2 class=\"wp-block-heading\">Les diff\u00e9rentes formes de combat \u2694\ufe0f<\/h2>\n\n\n\n<p>Le b\u00e9hourd se pratique sous plusieurs formats, chacun mettant en avant une facette diff\u00e9rente du combat m\u00e9di\u00e9val.<br>Equipe Tous respectent les m\u00eames principes : des armes en acier non tranchantes, des armures historiques compl\u00e8tes et des r\u00e8gles de s\u00e9curit\u00e9 strictes.<\/p>\n\n\n\n<p><\/p>\n\n\n\n<div class=\"wp-block-media-text is-stacked-on-mobile is-vertically-aligned-top\"><figure class=\"wp-block-media-text__media\"><img loading=\"lazy\" decoding=\"async\" width=\"1024\" height=\"688\" src=\"https:\/\/lothariiregnum.fr\/wp-content\/uploads\/2025\/11\/PXL_20250920_132226629.PORTRAIT.ORIGINAL-scaled-e1762812705660-1024x688.jpg\" alt=\"\" class=\"wp-image-122 size-full\" srcset=\"https:\/\/lothariiregnum.fr\/wp-content\/uploads\/2025\/11\/PXL_20250920_132226629.PORTRAIT.ORIGINAL-scaled-e1762812705660-1024x688.jpg 1024w, https:\/\/lothariiregnum.fr\/wp-content\/uploads\/2025\/11\/PXL_20250920_132226629.PORTRAIT.ORIGINAL-scaled-e1762812705660-300x202.jpg 300w, https:\/\/lothariiregnum.fr\/wp-content\/uploads\/2025\/11\/PXL_20250920_132226629.PORTRAIT.ORIGINAL-scaled-e1762812705660-2000x1345.jpg 2000w, https:\/\/lothariiregnum.fr\/wp-content\/uploads\/2025\/11\/PXL_20250920_132226629.PORTRAIT.ORIGINAL-scaled-e1762812705660-768x516.jpg 768w, https:\/\/lothariiregnum.fr\/wp-content\/uploads\/2025\/11\/PXL_20250920_132226629.PORTRAIT.ORIGINAL-scaled-e1762812705660-1536x1033.jpg 1536w, https:\/\/lothariiregnum.fr\/wp-content\/uploads\/2025\/11\/PXL_20250920_132226629.PORTRAIT.ORIGINAL-scaled-e1762812705660-2048x1377.jpg 2048w\" sizes=\"auto, (max-width: 1024px) 100vw, 1024px\" \/><\/figure><div class=\"wp-block-media-text__content\">\n<h4 class=\"wp-block-heading\"><strong>Le duel (1 contre 1)<\/strong><\/h4>\n\n\n\n<p>Aussi appel\u00e9 <strong>\u201cbuhurt duel\u201d<\/strong> ou <strong>\u201csword &amp; shield\u201d<\/strong>, le duel oppose deux combattants dans un affrontement technique et physique.<br>Le but est de marquer des points en touchant l\u2019adversaire avec des frappes franches et contr\u00f4l\u00e9es, selon des crit\u00e8res d\u00e9finis (zones valides, puissance, pr\u00e9cision).<\/p>\n\n\n\n<p>Le duel met en valeur la <strong>ma\u00eetrise technique, la pr\u00e9cision et l\u2019endurance individuelle<\/strong>. Il existe plusieurs cat\u00e9gories selon le type d\u2019arme :<\/p>\n\n\n\n<ul class=\"wp-block-list\">\n<li><strong>\u00e9p\u00e9e-bouclier<\/strong>,<\/li>\n\n\n\n<li><strong>\u00e9p\u00e9e-bocle,<\/strong><\/li>\n\n\n\n<li><strong>\u00e9p\u00e9e longue<\/strong>,<\/li>\n\n\n\n<li><strong>arme d&rsquo;haste.<\/strong><\/li>\n<\/ul>\n<\/div><\/div>\n\n\n\n<div style=\"height:100px\" aria-hidden=\"true\" class=\"wp-block-spacer\"><\/div>\n\n\n\n<div class=\"wp-block-media-text has-media-on-the-right is-stacked-on-mobile\"><div class=\"wp-block-media-text__content\">\n<p><strong>La m\u00eal\u00e9e (5 contre 5)<\/strong><\/p>\n\n\n\n<p>C\u2019est le format embl\u00e9matique du b\u00e9hourd. <\/p>\n\n\n\n<p>Deux \u00e9quipes s\u2019affrontent simultan\u00e9ment sur le champ d\u2019armes, dans un combat libre o\u00f9 <strong>tous les coups sont permis<\/strong> (dans les limites de s\u00e9curit\u00e9).<br>L\u2019objectif : <strong>faire tomber<\/strong> tous les adversaires de l\u2019\u00e9quipe oppos\u00e9e. Un combattant est \u00e9limin\u00e9 d\u00e8s qu\u2019il touche le sol avec trois appuis (mains, genou, ou torse).<br>La m\u00eal\u00e9e met en avant la <strong>coordination, la strat\u00e9gie collective et la r\u00e9sistance physique<\/strong>.<\/p>\n<\/div><figure class=\"wp-block-media-text__media\"><img loading=\"lazy\" decoding=\"async\" width=\"1024\" height=\"576\" src=\"https:\/\/lothariiregnum.fr\/wp-content\/uploads\/2025\/11\/PXL_20250920_151113034.PORTRAIT-1024x576.jpg\" alt=\"\" class=\"wp-image-120 size-full\" srcset=\"https:\/\/lothariiregnum.fr\/wp-content\/uploads\/2025\/11\/PXL_20250920_151113034.PORTRAIT-1024x576.jpg 1024w, https:\/\/lothariiregnum.fr\/wp-content\/uploads\/2025\/11\/PXL_20250920_151113034.PORTRAIT-300x169.jpg 300w, https:\/\/lothariiregnum.fr\/wp-content\/uploads\/2025\/11\/PXL_20250920_151113034.PORTRAIT-2000x1125.jpg 2000w\" sizes=\"auto, (max-width: 1024px) 100vw, 1024px\" \/><\/figure><\/div>\n\n\n\n<div style=\"height:100px\" aria-hidden=\"true\" class=\"wp-block-spacer\"><\/div>\n\n\n\n<div class=\"wp-block-media-text is-stacked-on-mobile\"><figure class=\"wp-block-media-text__media\"><img loading=\"lazy\" decoding=\"async\" width=\"1024\" height=\"645\" src=\"https:\/\/lothariiregnum.fr\/wp-content\/uploads\/2025\/11\/Capture-decran-2025-11-10-225538-1024x645.jpg\" alt=\"\" class=\"wp-image-124 size-full\" srcset=\"https:\/\/lothariiregnum.fr\/wp-content\/uploads\/2025\/11\/Capture-decran-2025-11-10-225538-1024x645.jpg 1024w, https:\/\/lothariiregnum.fr\/wp-content\/uploads\/2025\/11\/Capture-decran-2025-11-10-225538-300x189.jpg 300w, https:\/\/lothariiregnum.fr\/wp-content\/uploads\/2025\/11\/Capture-decran-2025-11-10-225538.jpg 1270w\" sizes=\"auto, (max-width: 1024px) 100vw, 1024px\" \/><\/figure><div class=\"wp-block-media-text__content\">\n<p><strong>Le profight<\/strong><\/p>\n\n\n\n<p>C&rsquo;est est une forme hybride entre le b\u00e9hourd et les sports de combat modernes. Le profight se rapproche du MMA et les combattants sont r\u00e9partis en cat\u00e9gories de poids (de moins de 75kg \u00e0 plus de 115kg).<br>Il oppose deux combattants en armure compl\u00e8te, sur plusieurs rounds chronom\u00e9tr\u00e9s, avec un syst\u00e8me de points inspir\u00e9 du <strong>MMA<\/strong>.<br>Les participants peuvent utiliser des <strong>frappes, projections, immobilisations et coups de bouclier<\/strong>, selon un r\u00e8glement strict.<br>Ce format met en avant la <strong>dimension athl\u00e9tique, technique et martiale<\/strong> du b\u00e9hourd.<\/p>\n<\/div><\/div>\n\n\n\n<div style=\"height:100px\" aria-hidden=\"true\" class=\"wp-block-spacer\"><\/div>\n\n\n\n<div class=\"wp-block-media-text has-media-on-the-right is-stacked-on-mobile\"><div class=\"wp-block-media-text__content\">\n<p><strong>Le soft b\u00e9hourd<\/strong><\/p>\n\n\n\n<p>Le <strong>soft b\u00e9hourd<\/strong> est la version <strong>d\u00e9couverte et p\u00e9dagogique<\/strong> du sport.<br>Les combattants y utilisent des <strong>armes en mousse renforc\u00e9e<\/strong> et des <strong>protections l\u00e9g\u00e8res<\/strong>, ce qui permet une initiation s\u00e9curis\u00e9e \u00e0 la gestuelle et aux principes du combat m\u00e9di\u00e9val.<br>Il est souvent pratiqu\u00e9 lors d\u2019<strong>entra\u00eenements ouverts, d\u2019ateliers jeunes ou d\u2019animations publiques<\/strong>, et constitue une porte d\u2019entr\u00e9e id\u00e9ale vers la pratique en armure.<br>Il permet \u00e9galement aux combattants d&rsquo;am\u00e9liorer leur technique sans s&rsquo;encombrer de l&rsquo;armure.<\/p>\n<\/div><figure class=\"wp-block-media-text__media\"><img loading=\"lazy\" decoding=\"async\" width=\"1024\" height=\"656\" src=\"https:\/\/lothariiregnum.fr\/wp-content\/uploads\/2025\/11\/Capture-decran-2025-11-10-232213-1024x656.jpg\" alt=\"\" class=\"wp-image-126 size-full\" srcset=\"https:\/\/lothariiregnum.fr\/wp-content\/uploads\/2025\/11\/Capture-decran-2025-11-10-232213-1024x656.jpg 1024w, https:\/\/lothariiregnum.fr\/wp-content\/uploads\/2025\/11\/Capture-decran-2025-11-10-232213-300x192.jpg 300w, https:\/\/lothariiregnum.fr\/wp-content\/uploads\/2025\/11\/Capture-decran-2025-11-10-232213.jpg 1057w\" sizes=\"auto, (max-width: 1024px) 100vw, 1024px\" \/><\/figure><\/div>\n\n\n\n<div style=\"height:100px\" aria-hidden=\"true\" class=\"wp-block-spacer\"><\/div>\n\n\n\n<div class=\"wp-block-media-text is-stacked-on-mobile\"><figure class=\"wp-block-media-text__media\"><img loading=\"lazy\" decoding=\"async\" width=\"960\" height=\"640\" src=\"https:\/\/lothariiregnum.fr\/wp-content\/uploads\/2026\/02\/475464779_1066033338661601_210802084857576874_n.jpg\" alt=\"\" class=\"wp-image-374 size-full\" srcset=\"https:\/\/lothariiregnum.fr\/wp-content\/uploads\/2026\/02\/475464779_1066033338661601_210802084857576874_n.jpg 960w, https:\/\/lothariiregnum.fr\/wp-content\/uploads\/2026\/02\/475464779_1066033338661601_210802084857576874_n-300x200.jpg 300w\" sizes=\"auto, (max-width: 960px) 100vw, 960px\" \/><\/figure><div class=\"wp-block-media-text__content\">\n<p><strong>Le mass battle (12 contre 12, 30 contre 30, ou plus)<\/strong><\/p>\n\n\n\n<p>Aussi appel\u00e9 <strong>\u201cbataille de masse\u201d<\/strong>, ce format spectaculaire oppose de grands groupes sur un espace \u00e9largi.<br>Le principe reste le m\u00eame : faire tomber les adversaires.<br>Ces combats impressionnants rappellent les affrontements historiques et demandent une grande <strong>discipline d\u2019\u00e9quipe<\/strong> et une <strong>vision tactique globale<\/strong>.<br>C\u2019est le format des <strong>grands tournois internationaux<\/strong>, o\u00f9 des nations enti\u00e8res s\u2019affrontent dans des m\u00eal\u00e9es d\u2019anthologie.<\/p>\n<\/div><\/div>\n\n\n\n<div style=\"height:41px\" aria-hidden=\"true\" class=\"wp-block-spacer\"><\/div>\n\n\n\n<hr class=\"wp-block-separator has-alpha-channel-opacity\"\/>\n\n\n\n<div class=\"wp-block-group has-global-padding is-layout-constrained wp-block-group-is-layout-constrained\">\n<h2 class=\"wp-block-heading\">L&rsquo;arbitrage \u2694\ufe0f<\/h2>\n\n\n\n<div class=\"wp-block-group has-global-padding is-layout-constrained wp-block-group-is-layout-constrained\">\n<div class=\"wp-block-media-text has-media-on-the-right is-stacked-on-mobile is-vertically-aligned-top\"><div class=\"wp-block-media-text__content\">\n<p>Le choc de l\u2019acier r\u00e9sonne, les boucliers s\u2019entrechoquent, la m\u00eal\u00e9e s\u2019intensifie\u2026 et pourtant, au milieu de cette temp\u00eate, <strong>une pr\u00e9sence veille<\/strong>. L\u2019arbitre n\u2019est jamais loin. Silencieux mais attentif, il observe chaque mouvement, chaque frappe, chaque chute.<\/p>\n\n\n\n<p>En b\u00e9hourd, l\u2019arbitrage ne se fait pas \u00e0 distance. <strong>Il se vit au plus pr\u00e8s de l\u2019action<\/strong>. L\u2019arbitre<strong> circule<\/strong> autour des combattants, <strong>scrute<\/strong> les engagements, <strong>valide<\/strong> les mises au sol et <strong>intervient<\/strong> lorsque la s\u00e9curit\u00e9 l\u2019exige. Son regard doit \u00eatre pr\u00e9cis, son jugement imm\u00e9diat, sa d\u00e9cision incontestable.<\/p>\n\n\n\n<p>Car derri\u00e8re la brutalit\u00e9 apparente du sport se cache <strong>un cadre strict<\/strong>. Les r\u00e8gles existent pour prot\u00e9ger les combattants et garantir l\u2019\u00e9quit\u00e9 entre les \u00e9quipes. <strong>L\u2019arbitre est le gardien de cet \u00e9quilibre<\/strong> : permettre l\u2019engagement total, tout en maintenant la ma\u00eetrise et le respect.<\/p>\n\n\n\n<p><strong>Exigeant et rigoureux<\/strong>, l\u2019arbitrage demande une <strong>parfaite connaissance<\/strong> du r\u00e8glement, <strong>une grande vigilance<\/strong> et <strong>un sang-froid \u00e0 toute \u00e9preuve<\/strong>. C\u2019est un r\u00f4le essentiel, au service du sport, de l\u2019honneur et de la s\u00e9curit\u00e9.<\/p>\n\n\n\n<p><\/p>\n<\/div><figure class=\"wp-block-media-text__media\"><img loading=\"lazy\" decoding=\"async\" width=\"683\" height=\"1024\" src=\"https:\/\/lothariiregnum.fr\/wp-content\/uploads\/2026\/02\/486416090_1103533681578233_7270809742866288275_n-683x1024.jpg\" alt=\"\" class=\"wp-image-375 size-full\" srcset=\"https:\/\/lothariiregnum.fr\/wp-content\/uploads\/2026\/02\/486416090_1103533681578233_7270809742866288275_n-683x1024.jpg 683w, https:\/\/lothariiregnum.fr\/wp-content\/uploads\/2026\/02\/486416090_1103533681578233_7270809742866288275_n-200x300.jpg 200w, https:\/\/lothariiregnum.fr\/wp-content\/uploads\/2026\/02\/486416090_1103533681578233_7270809742866288275_n.jpg 1365w\" sizes=\"auto, (max-width: 683px) 100vw, 683px\" \/><\/figure><\/div>\n<\/div>\n<\/div>\n","protected":false},"excerpt":{"rendered":"<p>La discipline \u2694\ufe0f Le b\u00e9hourd, parfois appel\u00e9 combat m\u00e9di\u00e9val historique, est une discipline sportive et martiale inspir\u00e9e des tournois chevaleresques du Moyen \u00c2ge. Les combattants s\u2019affrontent en armure compl\u00e8te, selon des r\u00e8gles strictes de s\u00e9curit\u00e9 et de fair-play, m\u00ealant authenticit\u00e9 historique et exigence physique. Equipe f\u00e9minine ou masculine, toutes respectent ce cadre fix\u00e9 par la &hellip; <\/p>\n<p class=\"link-more\"><a href=\"https:\/\/lothariiregnum.fr\/?page_id=107\" class=\"more-link\">Lire la suite de<span class=\"screen-reader-text\">\u00ab\u00a0\u00a0\u00bb<\/span><\/a><\/p>\n","protected":false},"author":4,"featured_media":0,"parent":0,"menu_order":0,"comment_status":"closed","ping_status":"closed","template":"","meta":{"footnotes":""},"class_list":["post-107","page","type-page","status-publish","hentry"],"_links":{"self":[{"href":"https:\/\/lothariiregnum.fr\/index.php?rest_route=\/wp\/v2\/pages\/107","targetHints":{"allow":["GET"]}}],"collection":[{"href":"https:\/\/lothariiregnum.fr\/index.php?rest_route=\/wp\/v2\/pages"}],"about":[{"href":"https:\/\/lothariiregnum.fr\/index.php?rest_route=\/wp\/v2\/types\/page"}],"author":[{"embeddable":true,"href":"https:\/\/lothariiregnum.fr\/index.php?rest_route=\/wp\/v2\/users\/4"}],"replies":[{"embeddable":true,"href":"https:\/\/lothariiregnum.fr\/index.php?rest_route=%2Fwp%2Fv2%2Fcomments&post=107"}],"version-history":[{"count":27,"href":"https:\/\/lothariiregnum.fr\/index.php?rest_route=\/wp\/v2\/pages\/107\/revisions"}],"predecessor-version":[{"id":397,"href":"https:\/\/lothariiregnum.fr\/index.php?rest_route=\/wp\/v2\/pages\/107\/revisions\/397"}],"wp:attachment":[{"href":"https:\/\/lothariiregnum.fr\/index.php?rest_route=%2Fwp%2Fv2%2Fmedia&parent=107"}],"curies":[{"name":"wp","href":"https:\/\/api.w.org\/{rel}","templated":true}]}}